{"id":71,"date":"2026-03-21T17:19:43","date_gmt":"2026-03-21T17:19:43","guid":{"rendered":"https:\/\/veeda.rs\/?page_id=71"},"modified":"2026-04-13T14:44:37","modified_gmt":"2026-04-13T14:44:37","slug":"konkursi","status":"publish","type":"page","link":"https:\/\/veeda.rs\/?page_id=71","title":{"rendered":"Konkursi"},"content":{"rendered":"\t\t<div data-elementor-type=\"wp-page\" data-elementor-id=\"71\" class=\"elementor elementor-71\">\n\t\t\t\t<div class=\"elementor-element elementor-element-9672a0e e-flex e-con-boxed wpr-particle-no wpr-jarallax-no wpr-parallax-no wpr-sticky-section-no e-con e-parent\" data-id=\"9672a0e\" data-element_type=\"container\" data-e-type=\"container\">\n\t\t\t\t\t<div class=\"e-con-inner\">\n\t\t\t\t<div class=\"elementor-element elementor-element-ff33c12 elementor-widget elementor-widget-heading\" data-id=\"ff33c12\" data-element_type=\"widget\" data-e-type=\"widget\" data-widget_type=\"heading.default\">\n\t\t\t\t\t<h2 class=\"elementor-heading-title elementor-size-default\">Aktuelni konkursi<\/h2>\t\t\t\t<\/div>\n\t\t\t\t<div class=\"elementor-element elementor-element-1e9eb6e wpr-grid-columns-3 wpr-grid-columns--tablet2 wpr-grid-columns--mobile1 wpr-grid-pagination-center wpr-item-styles-inner elementor-widget elementor-widget-wpr-grid\" data-id=\"1e9eb6e\" data-element_type=\"widget\" data-e-type=\"widget\" data-settings=\"{&quot;_animation&quot;:&quot;none&quot;}\" data-widget_type=\"wpr-grid.default\">\n\t\t\t\t\t<ul class=\"wpr-grid-filters elementor-clearfix wpr-grid-filters-sep-right\"><li class=\" wpr-pointer-none wpr-pointer-line-fx wpr-pointer-fx-none\"><span   data-ajax-filter=[\"category\",\"aktivni-konkursi\"]  data-filter=\".category-aktivni-konkursi\">Aktivni konkursi<\/span><em class=\"wpr-grid-filters-sep\"><\/em><\/li><li class=\" wpr-pointer-none wpr-pointer-line-fx wpr-pointer-fx-none\"><span   data-ajax-filter=[\"category\",\"zavrseni-konkursi\"]  data-filter=\".category-zavrseni-konkursi\">Zavr\u0161eni konkursi<\/span><em class=\"wpr-grid-filters-sep\"><\/em><\/li><\/ul><section class=\"wpr-grid elementor-clearfix\" data-settings=\"{&quot;layout&quot;:&quot;fitRows&quot;,&quot;stick_last_element_to_bottom&quot;:&quot;&quot;,&quot;columns_desktop&quot;:3,&quot;gutter_hr&quot;:15,&quot;gutter_hr_mobile&quot;:15,&quot;gutter_hr_mobile_extra&quot;:15,&quot;gutter_hr_tablet&quot;:15,&quot;gutter_hr_tablet_extra&quot;:15,&quot;gutter_hr_laptop&quot;:15,&quot;gutter_hr_widescreen&quot;:15,&quot;gutter_vr&quot;:15,&quot;gutter_vr_mobile&quot;:15,&quot;gutter_vr_mobile_extra&quot;:15,&quot;gutter_vr_tablet&quot;:15,&quot;gutter_vr_tablet_extra&quot;:15,&quot;gutter_vr_laptop&quot;:15,&quot;gutter_vr_widescreen&quot;:15,&quot;animation&quot;:&quot;default&quot;,&quot;animation_duration&quot;:0.3,&quot;animation_delay&quot;:0.1,&quot;deeplinking&quot;:&quot;&quot;,&quot;filters_linkable&quot;:&quot;no&quot;,&quot;filters_default_filter&quot;:&quot;&quot;,&quot;filters_count&quot;:&quot;&quot;,&quot;filters_hide_empty&quot;:&quot;no&quot;,&quot;filters_animation&quot;:&quot;default&quot;,&quot;filters_animation_duration&quot;:0.3,&quot;filters_animation_delay&quot;:0.1,&quot;pagination_type&quot;:&quot;load-more&quot;,&quot;pagination_max_pages&quot;:1,&quot;lightbox&quot;:{&quot;selector&quot;:&quot;.wpr-grid-image-wrap&quot;,&quot;iframeMaxWidth&quot;:&quot;60%&quot;,&quot;hash&quot;:false,&quot;autoplay&quot;:&quot;true&quot;,&quot;pause&quot;:5000,&quot;progressBar&quot;:&quot;true&quot;,&quot;counter&quot;:&quot;true&quot;,&quot;controls&quot;:&quot;true&quot;,&quot;getCaptionFromTitleOrAlt&quot;:&quot;true&quot;,&quot;thumbnail&quot;:&quot;&quot;,&quot;showThumbByDefault&quot;:&quot;&quot;,&quot;share&quot;:&quot;&quot;,&quot;zoom&quot;:&quot;true&quot;,&quot;fullScreen&quot;:&quot;true&quot;,&quot;download&quot;:&quot;true&quot;}}\" data-advanced-filters=\"no\"><article class=\"wpr-grid-item elementor-clearfix post-614 post type-post status-publish format-standard has-post-thumbnail hentry category-aktivni-konkursi\"><div class=\"wpr-grid-item-inner\"><div class=\"wpr-grid-media-wrap wpr-effect-size-medium \" data-overlay-link=\"yes\"><div class=\"wpr-grid-image-wrap\" data-src=\"https:\/\/veeda.rs\/wp-content\/uploads\/2026\/04\/pexels-andres-alaniz-461433202-29465456-scaled.jpg\" data-img-on-hover=\"\"  data-src-secondary=\"\"><img decoding=\"async\" data-no-lazy=\"1\" src=\"https:\/\/veeda.rs\/wp-content\/uploads\/2026\/04\/pexels-andres-alaniz-461433202-29465456-scaled.jpg\" alt=\"JAVNI POZIV ZA DODELU FINANSIJSKIH SREDSTAVA za unapre\u0111enje poljoprivredne proizvodnje i vanpoljoprivrednih aktivnosti na selu u Vranju za 2026. godinu\" class=\"wpr-anim-timing-ease-default\"><\/div><div class=\"wpr-grid-media-hover wpr-animation-wrap\"><div class=\"wpr-grid-media-hover-bg  wpr-overlay-fade-in wpr-anim-size-large wpr-anim-timing-ease-default wpr-anim-transparency\" data-url=\"https:\/\/veeda.rs\/?p=614\"><\/div><\/div><\/div><div class=\"wpr-grid-item-below-content elementor-clearfix\"><h2 class=\"wpr-grid-item-title elementor-repeater-item-a914a1f wpr-grid-item-display-block wpr-grid-item-align-left wpr-pointer-none wpr-pointer-line-fx wpr-pointer-fx-fade\"><div class=\"inner-block\"><a target=\"_self\"  href=\"https:\/\/veeda.rs\/?p=614\">JAVNI POZIV ZA DODELU FINANSIJSKIH SREDSTAVA za unapre\u0111enje poljoprivredne proizvodnje i vanpoljoprivrednih aktivnosti na selu u Vranju za 2026. godinu<\/a><\/div><\/h2><div class=\"wpr-grid-item-excerpt elementor-repeater-item-7e4a46a wpr-grid-item-display-block wpr-grid-item-align-left\"><div class=\"inner-block\"><p>Javni poziv u oblasti nabavke traktora je otvoren do 01.09.2026. godine a a za ostale oblasti do 30.11.2026. godine, odnosno...<\/p><\/div><\/div><div class=\"wpr-grid-item-read-more elementor-repeater-item-f0ea604 wpr-grid-item-display-block wpr-grid-item-align-left\"><div class=\"inner-block\"><a target=\"_self\" href=\"https:\/\/veeda.rs\/?p=614\" class=\"wpr-button-effect wpr-button-none\"><span>Op\u0161irnije<\/span><\/a><\/div><\/div><\/div><\/div><\/article><article class=\"wpr-grid-item elementor-clearfix post-369 post type-post status-publish format-standard has-post-thumbnail hentry category-aktivni-konkursi\"><div class=\"wpr-grid-item-inner\"><div class=\"wpr-grid-media-wrap wpr-effect-size-medium \" data-overlay-link=\"yes\"><div class=\"wpr-grid-image-wrap\" data-src=\"https:\/\/veeda.rs\/wp-content\/uploads\/2026\/04\/mp-logo.jpg\" data-img-on-hover=\"\"  data-src-secondary=\"\"><img decoding=\"async\" data-no-lazy=\"1\" src=\"https:\/\/veeda.rs\/wp-content\/uploads\/2026\/04\/mp-logo.jpg\" alt=\"JAVNI POZIV za dodelu bespovratnih sredstava u okviru PROGRAMA FINANSIJSKE PODR\u0160KE ZA PROIZVODNjU ODEVNIH I DRUGIH PREDMETA OD TEKSTILA I KO\u017dE U 2026. GODINI\" class=\"wpr-anim-timing-ease-default\"><\/div><div class=\"wpr-grid-media-hover wpr-animation-wrap\"><div class=\"wpr-grid-media-hover-bg  wpr-overlay-fade-in wpr-anim-size-large wpr-anim-timing-ease-default wpr-anim-transparency\" data-url=\"https:\/\/veeda.rs\/?p=369\"><\/div><\/div><\/div><div class=\"wpr-grid-item-below-content elementor-clearfix\"><h2 class=\"wpr-grid-item-title elementor-repeater-item-a914a1f wpr-grid-item-display-block wpr-grid-item-align-left wpr-pointer-none wpr-pointer-line-fx wpr-pointer-fx-fade\"><div class=\"inner-block\"><a target=\"_self\"  href=\"https:\/\/veeda.rs\/?p=369\">JAVNI POZIV za dodelu bespovratnih sredstava u okviru PROGRAMA FINANSIJSKE PODR\u0160KE ZA PROIZVODNjU ODEVNIH I DRUGIH PREDMETA OD TEKSTILA I&hellip;<\/a><\/div><\/h2><div class=\"wpr-grid-item-excerpt elementor-repeater-item-7e4a46a wpr-grid-item-display-block wpr-grid-item-align-left\"><div class=\"inner-block\"><p>Javni poziv je otvoren do utro\u0161ka sredstava a najkasnije do 30. aprila 2026. godine<\/p><\/div><\/div><div class=\"wpr-grid-item-read-more elementor-repeater-item-f0ea604 wpr-grid-item-display-block wpr-grid-item-align-left\"><div class=\"inner-block\"><a target=\"_self\" href=\"https:\/\/veeda.rs\/?p=369\" class=\"wpr-button-effect wpr-button-none\"><span>Op\u0161irnije<\/span><\/a><\/div><\/div><\/div><\/div><\/article><article class=\"wpr-grid-item elementor-clearfix post-367 post type-post status-publish format-standard has-post-thumbnail hentry category-aktivni-konkursi\"><div class=\"wpr-grid-item-inner\"><div class=\"wpr-grid-media-wrap wpr-effect-size-medium \" data-overlay-link=\"yes\"><div class=\"wpr-grid-image-wrap\" data-src=\"https:\/\/veeda.rs\/wp-content\/uploads\/2026\/04\/mp-logo.jpg\" data-img-on-hover=\"\"  data-src-secondary=\"\"><img decoding=\"async\" data-no-lazy=\"1\" src=\"https:\/\/veeda.rs\/wp-content\/uploads\/2026\/04\/mp-logo.jpg\" alt=\"JAVNI POZIV za dodelu bespovratnih sredstava u okviru PROGRAMA FINANSIJSKE PODR\u0160KE ZA PRERADU VO\u0106A I POVR\u0106A OD 100% DOMA\u0106E SIROVINE U 2026. GODINI\" class=\"wpr-anim-timing-ease-default\"><\/div><div class=\"wpr-grid-media-hover wpr-animation-wrap\"><div class=\"wpr-grid-media-hover-bg  wpr-overlay-fade-in wpr-anim-size-large wpr-anim-timing-ease-default wpr-anim-transparency\" data-url=\"https:\/\/veeda.rs\/?p=367\"><\/div><\/div><\/div><div class=\"wpr-grid-item-below-content elementor-clearfix\"><h2 class=\"wpr-grid-item-title elementor-repeater-item-a914a1f wpr-grid-item-display-block wpr-grid-item-align-left wpr-pointer-none wpr-pointer-line-fx wpr-pointer-fx-fade\"><div class=\"inner-block\"><a target=\"_self\"  href=\"https:\/\/veeda.rs\/?p=367\">JAVNI POZIV za dodelu bespovratnih sredstava u okviru PROGRAMA FINANSIJSKE PODR\u0160KE ZA PRERADU VO\u0106A I POVR\u0106A OD 100% DOMA\u0106E SIROVINE&hellip;<\/a><\/div><\/h2><div class=\"wpr-grid-item-excerpt elementor-repeater-item-7e4a46a wpr-grid-item-display-block wpr-grid-item-align-left\"><div class=\"inner-block\"><p>Javni poziv je otvoren do utro\u0161ka sredstava, a najkasnije do 30. aprila 2026. godine.<\/p><\/div><\/div><div class=\"wpr-grid-item-read-more elementor-repeater-item-f0ea604 wpr-grid-item-display-block wpr-grid-item-align-left\"><div class=\"inner-block\"><a target=\"_self\" href=\"https:\/\/veeda.rs\/?p=367\" class=\"wpr-button-effect wpr-button-none\"><span>Op\u0161irnije<\/span><\/a><\/div><\/div><\/div><\/div><\/article><article class=\"wpr-grid-item elementor-clearfix post-365 post type-post status-publish format-standard has-post-thumbnail hentry category-aktivni-konkursi\"><div class=\"wpr-grid-item-inner\"><div class=\"wpr-grid-media-wrap wpr-effect-size-medium \" data-overlay-link=\"yes\"><div class=\"wpr-grid-image-wrap\" data-src=\"https:\/\/veeda.rs\/wp-content\/uploads\/2026\/04\/mp-logo.jpg\" data-img-on-hover=\"\"  data-src-secondary=\"\"><img decoding=\"async\" data-no-lazy=\"1\" src=\"https:\/\/veeda.rs\/wp-content\/uploads\/2026\/04\/mp-logo.jpg\" alt=\"JAVNI POZIV za dodelu bespovratnih sredstava u okviru PROGRAMA FINANSIJSKE PODR\u0160KE ZA PRERA\u0110IVA\u010cKU DELATNOST PROIZVODNjE SIREVA I DRUGIH MLE\u010cNIH PROIZVODA OD 100% DOMA\u0106E SIROVINE U 2026. GODINI\" class=\"wpr-anim-timing-ease-default\"><\/div><div class=\"wpr-grid-media-hover wpr-animation-wrap\"><div class=\"wpr-grid-media-hover-bg  wpr-overlay-fade-in wpr-anim-size-large wpr-anim-timing-ease-default wpr-anim-transparency\" data-url=\"https:\/\/veeda.rs\/?p=365\"><\/div><\/div><\/div><div class=\"wpr-grid-item-below-content elementor-clearfix\"><h2 class=\"wpr-grid-item-title elementor-repeater-item-a914a1f wpr-grid-item-display-block wpr-grid-item-align-left wpr-pointer-none wpr-pointer-line-fx wpr-pointer-fx-fade\"><div class=\"inner-block\"><a target=\"_self\"  href=\"https:\/\/veeda.rs\/?p=365\">JAVNI POZIV za dodelu bespovratnih sredstava u okviru PROGRAMA FINANSIJSKE PODR\u0160KE ZA PRERA\u0110IVA\u010cKU DELATNOST PROIZVODNjE SIREVA I DRUGIH MLE\u010cNIH PROIZVODA&hellip;<\/a><\/div><\/h2><div class=\"wpr-grid-item-excerpt elementor-repeater-item-7e4a46a wpr-grid-item-display-block wpr-grid-item-align-left\"><div class=\"inner-block\"><p>Javni poziv je otvoren do utro\u010dka sredstava a najkasnije do 30. aprila 2026. godine<\/p><\/div><\/div><div class=\"wpr-grid-item-read-more elementor-repeater-item-f0ea604 wpr-grid-item-display-block wpr-grid-item-align-left\"><div class=\"inner-block\"><a target=\"_self\" href=\"https:\/\/veeda.rs\/?p=365\" class=\"wpr-button-effect wpr-button-none\"><span>Op\u0161irnije<\/span><\/a><\/div><\/div><\/div><\/div><\/article><article class=\"wpr-grid-item elementor-clearfix post-363 post type-post status-publish format-standard has-post-thumbnail hentry category-zavrseni-konkursi\"><div class=\"wpr-grid-item-inner\"><div class=\"wpr-grid-media-wrap wpr-effect-size-medium \" data-overlay-link=\"yes\"><div class=\"wpr-grid-image-wrap\" data-src=\"https:\/\/veeda.rs\/wp-content\/uploads\/2026\/04\/mp-logo.jpg\" data-img-on-hover=\"\"  data-src-secondary=\"\"><img decoding=\"async\" data-no-lazy=\"1\" src=\"https:\/\/veeda.rs\/wp-content\/uploads\/2026\/04\/mp-logo.jpg\" alt=\"Javni poziv za dodelu bespovratnih sredstava u okviru Programa podr\u0161ke za razvoj preduzetni\u0161tva \u017eena na selu u 2026. godini\" class=\"wpr-anim-timing-ease-default\"><\/div><div class=\"wpr-grid-media-hover wpr-animation-wrap\"><div class=\"wpr-grid-media-hover-bg  wpr-overlay-fade-in wpr-anim-size-large wpr-anim-timing-ease-default wpr-anim-transparency\" data-url=\"https:\/\/veeda.rs\/?p=363\"><\/div><\/div><\/div><div class=\"wpr-grid-item-below-content elementor-clearfix\"><h2 class=\"wpr-grid-item-title elementor-repeater-item-a914a1f wpr-grid-item-display-block wpr-grid-item-align-left wpr-pointer-none wpr-pointer-line-fx wpr-pointer-fx-fade\"><div class=\"inner-block\"><a target=\"_self\"  href=\"https:\/\/veeda.rs\/?p=363\">Javni poziv za dodelu bespovratnih sredstava u okviru Programa podr\u0161ke za razvoj preduzetni\u0161tva \u017eena na selu u 2026. godini<\/a><\/div><\/h2><div class=\"wpr-grid-item-excerpt elementor-repeater-item-7e4a46a wpr-grid-item-display-block wpr-grid-item-align-left\"><div class=\"inner-block\"><p>Rok za podno\u0161enje prijava je 12. april 2026. godine.<\/p><\/div><\/div><div class=\"wpr-grid-item-read-more elementor-repeater-item-f0ea604 wpr-grid-item-display-block wpr-grid-item-align-left\"><div class=\"inner-block\"><a target=\"_self\" href=\"https:\/\/veeda.rs\/?p=363\" class=\"wpr-button-effect wpr-button-none\"><span>Op\u0161irnije<\/span><\/a><\/div><\/div><\/div><\/div><\/article><article class=\"wpr-grid-item elementor-clearfix post-350 post type-post status-publish format-standard has-post-thumbnail hentry category-zavrseni-konkursi\"><div class=\"wpr-grid-item-inner\"><div class=\"wpr-grid-media-wrap wpr-effect-size-medium \" data-overlay-link=\"yes\"><div class=\"wpr-grid-image-wrap\" data-src=\"https:\/\/veeda.rs\/wp-content\/uploads\/2026\/04\/mp-logo.jpg\" data-img-on-hover=\"\"  data-src-secondary=\"\"><img decoding=\"async\" data-no-lazy=\"1\" src=\"https:\/\/veeda.rs\/wp-content\/uploads\/2026\/04\/mp-logo.jpg\" alt=\"JAVNI POZIV za dodelu bespovratnih sredstava po PROGRAMU O RASPOREDU I KORI\u0160\u0106ENjU SREDSTAVA ZA PODR\u0160KU RAZVOJU PRIVREDNIH SUBJEKATA I ODR\u017dAVANjU POSTOJE\u0106EG BROJA ZAPOSLENIH U 2026. GODINI\" class=\"wpr-anim-timing-ease-default\"><\/div><div class=\"wpr-grid-media-hover wpr-animation-wrap\"><div class=\"wpr-grid-media-hover-bg  wpr-overlay-fade-in wpr-anim-size-large wpr-anim-timing-ease-default wpr-anim-transparency\" data-url=\"https:\/\/veeda.rs\/?p=350\"><\/div><\/div><\/div><div class=\"wpr-grid-item-below-content elementor-clearfix\"><h2 class=\"wpr-grid-item-title elementor-repeater-item-a914a1f wpr-grid-item-display-block wpr-grid-item-align-left wpr-pointer-none wpr-pointer-line-fx wpr-pointer-fx-fade\"><div class=\"inner-block\"><a target=\"_self\"  href=\"https:\/\/veeda.rs\/?p=350\">JAVNI POZIV za dodelu bespovratnih sredstava po PROGRAMU O RASPOREDU I KORI\u0160\u0106ENjU SREDSTAVA ZA PODR\u0160KU RAZVOJU PRIVREDNIH SUBJEKATA I ODR\u017dAVANjU&hellip;<\/a><\/div><\/h2><div class=\"wpr-grid-item-excerpt elementor-repeater-item-7e4a46a wpr-grid-item-display-block wpr-grid-item-align-left\"><div class=\"inner-block\"><p>Javni poziv je otvoren do utro\u0161ka sredstava, a najkasnije do 30. aprila 2026. godine.<\/p><\/div><\/div><div class=\"wpr-grid-item-read-more elementor-repeater-item-f0ea604 wpr-grid-item-display-block wpr-grid-item-align-left\"><div class=\"inner-block\"><a target=\"_self\" href=\"https:\/\/veeda.rs\/?p=350\" class=\"wpr-button-effect wpr-button-none\"><span>Op\u0161irnije<\/span><\/a><\/div><\/div><\/div><\/div><\/article><article class=\"wpr-grid-item elementor-clearfix post-344 post type-post status-publish format-standard has-post-thumbnail hentry category-zavrseni-konkursi\"><div class=\"wpr-grid-item-inner\"><div class=\"wpr-grid-media-wrap wpr-effect-size-medium \" data-overlay-link=\"yes\"><div class=\"wpr-grid-image-wrap\" data-src=\"https:\/\/veeda.rs\/wp-content\/uploads\/2026\/04\/mp-logo.jpg\" data-img-on-hover=\"\"  data-src-secondary=\"\"><img decoding=\"async\" data-no-lazy=\"1\" src=\"https:\/\/veeda.rs\/wp-content\/uploads\/2026\/04\/mp-logo.jpg\" alt=\"JAVNI POZIV ZA DODELU BESPOVRATNIH SREDSTAVA u okviru Programa podr\u0161ke razvoju starih i umetni\u010dkih zanata i poslova doma\u0107e radinosti u 2026. godini\" class=\"wpr-anim-timing-ease-default\"><\/div><div class=\"wpr-grid-media-hover wpr-animation-wrap\"><div class=\"wpr-grid-media-hover-bg  wpr-overlay-fade-in wpr-anim-size-large wpr-anim-timing-ease-default wpr-anim-transparency\" data-url=\"https:\/\/veeda.rs\/?p=344\"><\/div><\/div><\/div><div class=\"wpr-grid-item-below-content elementor-clearfix\"><h2 class=\"wpr-grid-item-title elementor-repeater-item-a914a1f wpr-grid-item-display-block wpr-grid-item-align-left wpr-pointer-none wpr-pointer-line-fx wpr-pointer-fx-fade\"><div class=\"inner-block\"><a target=\"_self\"  href=\"https:\/\/veeda.rs\/?p=344\">JAVNI POZIV ZA DODELU BESPOVRATNIH SREDSTAVA u okviru Programa podr\u0161ke razvoju starih i umetni\u010dkih zanata i poslova doma\u0107e radinosti u&hellip;<\/a><\/div><\/h2><div class=\"wpr-grid-item-excerpt elementor-repeater-item-7e4a46a wpr-grid-item-display-block wpr-grid-item-align-left\"><div class=\"inner-block\"><p>Rok za podno\u0161enje prijava je do 9. aprila 2026. godine.<\/p><\/div><\/div><div class=\"wpr-grid-item-read-more elementor-repeater-item-f0ea604 wpr-grid-item-display-block wpr-grid-item-align-left\"><div class=\"inner-block\"><a target=\"_self\" href=\"https:\/\/veeda.rs\/?p=344\" class=\"wpr-button-effect wpr-button-none\"><span>Op\u0161irnije<\/span><\/a><\/div><\/div><\/div><\/div><\/article><\/section>\t\t\t\t<\/div>\n\t\t\t\t\t<\/div>\n\t\t\t\t<\/div>\n\t\t\t\t<\/div>\n\t\t","protected":false},"excerpt":{"rendered":"<p>Aktuelni konkursi Aktivni konkursi Zavr\u0161eni konkursi JAVNI POZIV za dodelu bespovratnih sredstava u okviru PROGRAMA FINANSIJSKE PODR\u0160KE ZA PROIZVODNjU ODEVNIH I DRUGIH PREDMETA OD TEKSTILA I&hellip; Javni poziv je otvoren do utro\u0161ka sredstava a najkasnije do 30. aprila 2026. godine Op\u0161irnije JAVNI POZIV za dodelu bespovratnih sredstava u okviru PROGRAMA FINANSIJSKE PODR\u0160KE ZA PRERADU VO\u0106A I POVR\u0106A OD 100% DOMA\u0106E SIROVINE&hellip; Javni poziv je otvoren do utro\u0161ka sredstava, a najkasnije do 30. aprila 2026. godine. Op\u0161irnije JAVNI POZIV za dodelu bespovratnih sredstava u okviru PROGRAMA FINANSIJSKE PODR\u0160KE ZA PRERA\u0110IVA\u010cKU DELATNOST PROIZVODNjE SIREVA I DRUGIH MLE\u010cNIH PROIZVODA&hellip; Javni poziv je otvoren do utro\u010dka sredstava a najkasnije do 30. aprila 2026. godine Op\u0161irnije JAVNI POZIV za dodelu bespovratnih sredstava po PROGRAMU O RASPOREDU I KORI\u0160\u0106ENjU SREDSTAVA ZA PODR\u0160KU RAZVOJU PRIVREDNIH SUBJEKATA I ODR\u017dAVANjU&hellip; Javni poziv je otvoren do utro\u0161ka sredstava, a najkasnije do 30. aprila 2026. godine. Op\u0161irnije<\/p>\n","protected":false},"author":1,"featured_media":0,"parent":0,"menu_order":0,"comment_status":"closed","ping_status":"closed","template":"elementor_header_footer","meta":{"footnotes":""},"class_list":["post-71","page","type-page","status-publish","hentry"],"publishpress_future_action":{"enabled":false,"date":"2026-04-29 15:55:23","action":"change-status","newStatus":"draft","terms":[],"taxonomy":"","extraData":[]},"publishpress_future_workflow_manual_trigger":{"enabledWorkflows":[]},"_links":{"self":[{"href":"https:\/\/veeda.rs\/index.php?rest_route=\/wp\/v2\/pages\/71","targetHints":{"allow":["GET"]}}],"collection":[{"href":"https:\/\/veeda.rs\/index.php?rest_route=\/wp\/v2\/pages"}],"about":[{"href":"https:\/\/veeda.rs\/index.php?rest_route=\/wp\/v2\/types\/page"}],"author":[{"embeddable":true,"href":"https:\/\/veeda.rs\/index.php?rest_route=\/wp\/v2\/users\/1"}],"replies":[{"embeddable":true,"href":"https:\/\/veeda.rs\/index.php?rest_route=%2Fwp%2Fv2%2Fcomments&post=71"}],"version-history":[{"count":25,"href":"https:\/\/veeda.rs\/index.php?rest_route=\/wp\/v2\/pages\/71\/revisions"}],"predecessor-version":[{"id":583,"href":"https:\/\/veeda.rs\/index.php?rest_route=\/wp\/v2\/pages\/71\/revisions\/583"}],"wp:attachment":[{"href":"https:\/\/veeda.rs\/index.php?rest_route=%2Fwp%2Fv2%2Fmedia&parent=71"}],"curies":[{"name":"wp","href":"https:\/\/api.w.org\/{rel}","templated":true}]}}